{"id":2877,"date":"2020-10-28T19:47:52","date_gmt":"2020-10-28T19:47:52","guid":{"rendered":"https:\/\/demir-gradnje.si\/?page_id=2877"},"modified":"2020-11-30T17:37:09","modified_gmt":"2020-11-30T17:37:09","slug":"optimierung-und-videoinhalt","status":"publish","type":"page","link":"https:\/\/demir-gradnje.si\/de\/optimierung-und-videoinhalt\/","title":{"rendered":"Optimierung und Videoinhalt &#8211; Demir gradnje"},"content":{"rendered":"\t\t<div data-elementor-type=\"wp-page\" data-elementor-id=\"2877\" class=\"elementor elementor-2877 elementor-2876\" data-elementor-post-type=\"page\">\n\t\t\t\t\t\t<section class=\"elementor-section elementor-top-section elementor-element elementor-element-2f60661 elementor-section-full_width elementor-section-stretched elementor-section-height-min-height elementor-section-height-default elementor-section-items-middle\" data-id=\"2f60661\" data-element_type=\"section\" data-e-type=\"section\" data-settings=\"{&quot;stretch_section&quot;:&quot;section-stretched&quot;,&quot;background_background&quot;:&quot;classic&quot;}\">\n\t\t\t\t\t\t\t<div class=\"elementor-background-overlay\"><\/div>\n\t\t\t\t\t\t\t<div class=\"elementor-container elementor-column-gap-default\">\n\t\t\t\t\t<div class=\"elementor-column elementor-col-100 elementor-top-column elementor-element elementor-element-25ef277\" data-id=\"25ef277\" data-element_type=\"column\" data-e-type=\"column\">\n\t\t\t<div class=\"elementor-widget-wrap elementor-element-populated\">\n\t\t\t\t\t\t<section class=\"elementor-section elementor-inner-section elementor-element elementor-element-c5b8879 elementor-section-content-middle elementor-section-boxed elementor-section-height-default elementor-section-height-default\" data-id=\"c5b8879\" data-element_type=\"section\" data-e-type=\"section\">\n\t\t\t\t\t\t<div class=\"elementor-container elementor-column-gap-default\">\n\t\t\t\t\t<div class=\"elementor-column elementor-col-50 elementor-inner-column elementor-element elementor-element-8d49a4d\" data-id=\"8d49a4d\" data-element_type=\"column\" data-e-type=\"column\">\n\t\t\t<div class=\"elementor-widget-wrap elementor-element-populated\">\n\t\t\t\t\t\t<div class=\"elementor-element elementor-element-b66843f elementor-widget elementor-widget-heading\" data-id=\"b66843f\" data-element_type=\"widget\" data-e-type=\"widget\" data-widget_type=\"heading.default\">\n\t\t\t\t<div class=\"elementor-widget-container\">\n\t\t\t\t\t<h1 class=\"elementor-heading-title elementor-size-default\"><b><span style=\"font-size:12.0pt;,sans-serif\"> <\/span><\/b>Optimierung und Videoinhalt - Demir gradnje<\/h1>\t\t\t\t<\/div>\n\t\t\t\t<\/div>\n\t\t\t\t<div class=\"elementor-element elementor-element-6071a4b elementor-widget elementor-widget-text-editor\" data-id=\"6071a4b\" data-element_type=\"widget\" data-e-type=\"widget\" data-widget_type=\"text-editor.default\">\n\t\t\t\t<div class=\"elementor-widget-container\">\n\t\t\t\t\t\t\t\t\t<p>JPTT2020-COVID19<\/p>\n\t\t\t\t\t\t\t\t<\/div>\n\t\t\t\t<\/div>\n\t\t\t\t\t<\/div>\n\t\t<\/div>\n\t\t\t\t<div class=\"elementor-column elementor-col-50 elementor-inner-column elementor-element elementor-element-3ce535d\" data-id=\"3ce535d\" data-element_type=\"column\" data-e-type=\"column\">\n\t\t\t<div class=\"elementor-widget-wrap\">\n\t\t\t\t\t\t\t<\/div>\n\t\t<\/div>\n\t\t\t\t\t<\/div>\n\t\t<\/section>\n\t\t\t\t\t<\/div>\n\t\t<\/div>\n\t\t\t\t\t<\/div>\n\t\t<\/section>\n\t\t\t\t<section class=\"elementor-section elementor-top-section elementor-element elementor-element-139a005 elementor-section-boxed elementor-section-height-default elementor-section-height-default\" data-id=\"139a005\" data-element_type=\"section\" data-e-type=\"section\">\n\t\t\t\t\t\t<div class=\"elementor-container elementor-column-gap-default\">\n\t\t\t\t\t<div class=\"elementor-column elementor-col-100 elementor-top-column elementor-element elementor-element-a65b6b0\" data-id=\"a65b6b0\" data-element_type=\"column\" data-e-type=\"column\">\n\t\t\t<div class=\"elementor-widget-wrap elementor-element-populated\">\n\t\t\t\t\t\t<div class=\"elementor-element elementor-element-cb43acf elementor-widget elementor-widget-video\" data-id=\"cb43acf\" data-element_type=\"widget\" data-e-type=\"widget\" data-settings=\"{&quot;youtube_url&quot;:&quot;https:\\\/\\\/youtu.be\\\/cNMVU-m6Br8&quot;,&quot;video_type&quot;:&quot;youtube&quot;,&quot;controls&quot;:&quot;yes&quot;}\" data-widget_type=\"video.default\">\n\t\t\t\t<div class=\"elementor-widget-container\">\n\t\t\t\t\t\t\t<div class=\"elementor-wrapper elementor-open-inline\">\n\t\t\t<div class=\"elementor-video\"><\/div>\t\t<\/div>\n\t\t\t\t\t\t<\/div>\n\t\t\t\t<\/div>\n\t\t\t\t\t<\/div>\n\t\t<\/div>\n\t\t\t\t\t<\/div>\n\t\t<\/section>\n\t\t\t\t<section class=\"elementor-section elementor-top-section elementor-element elementor-element-91b68c0 elementor-section-full_width elementor-section-stretched elementor-section-height-default elementor-section-height-default\" data-id=\"91b68c0\" data-element_type=\"section\" data-e-type=\"section\" data-settings=\"{&quot;stretch_section&quot;:&quot;section-stretched&quot;,&quot;background_background&quot;:&quot;classic&quot;}\">\n\t\t\t\t\t\t<div class=\"elementor-container elementor-column-gap-default\">\n\t\t\t\t\t<div class=\"elementor-column elementor-col-100 elementor-top-column elementor-element elementor-element-6369d9a\" data-id=\"6369d9a\" data-element_type=\"column\" data-e-type=\"column\">\n\t\t\t<div class=\"elementor-widget-wrap elementor-element-populated\">\n\t\t\t\t\t\t<section class=\"elementor-section elementor-inner-section elementor-element elementor-element-e264c02 elementor-section-content-middle elementor-section-boxed elementor-section-height-default elementor-section-height-default\" data-id=\"e264c02\" data-element_type=\"section\" data-e-type=\"section\">\n\t\t\t\t\t\t<div class=\"elementor-container elementor-column-gap-default\">\n\t\t\t\t\t<div class=\"elementor-column elementor-col-100 elementor-inner-column elementor-element elementor-element-cc6b169\" data-id=\"cc6b169\" data-element_type=\"column\" data-e-type=\"column\">\n\t\t\t<div class=\"elementor-widget-wrap elementor-element-populated\">\n\t\t\t\t\t\t<div class=\"elementor-element elementor-element-c6f263d elementor-widget elementor-widget-text-editor\" data-id=\"c6f263d\" data-element_type=\"widget\" data-e-type=\"widget\" data-widget_type=\"text-editor.default\">\n\t\t\t\t<div class=\"elementor-widget-container\">\n\t\t\t\t\t\t\t\t\t<p> Ziel des Vorhabens ist die Kofinanzierung der f\u00f6rderf\u00e4higen Kosten f\u00fcr die Digitalisierung von Vertriebskan\u00e4len auf ausl\u00e4ndischen M\u00e4rkten, um Videoinhalte f\u00fcr Unternehmensebenen und Dienstleistungen in einer Fremdsprache zu erstellen, Websites und digitale Vertriebskan\u00e4le zu optimieren, Auswirkungsmesssysteme und Nachverfolgungssysteme f\u00fcr potenzielle Kunden einzurichten Gesch\u00e4ftspublikum. Ziel ist es, die Sichtbarkeit des Unternehmens auf ausl\u00e4ndischen M\u00e4rkten zu erh\u00f6hen und so neue ausl\u00e4ndische Kunden zu gewinnen und die Marke des Unternehmens zu st\u00e4rken. <\/ P><\/p>\n<p> &#8222;Die Operation wurde im Rahmen der \u00f6ffentlichen Aufforderung zur Kofinanzierung der Digitalisierung von Vertriebskan\u00e4len sowie von Pr\u00e4sentations- und Marketingmaterialien f\u00fcr die Werbung auf ausl\u00e4ndischen M\u00e4rkten f\u00fcr die Kofinanzierung ausgew\u00e4hlt.&#8220; <\/ p><\/p>\n<p> &#8222;Die Investition wird von der Republik Slowenien und der Europ\u00e4ischen Union aus dem Europ\u00e4ischen Fonds f\u00fcr regionale Entwicklung kofinanziert&#8220;, <\/ p><\/p>\n<p> <a href=\"http:\/\/www.eu-skladi.si\" target=\"_blank\" rel=\"noopener\"> www.eu-skladi.si <\/a> <\/ p><\/p>\n\t\t\t\t\t\t\t\t<\/div>\n\t\t\t\t<\/div>\n\t\t\t\t\t<\/div>\n\t\t<\/div>\n\t\t\t\t\t<\/div>\n\t\t<\/section>\n\t\t\t\t\t<\/div>\n\t\t<\/div>\n\t\t\t\t\t<\/div>\n\t\t<\/section>\n\t\t\t\t<section class=\"elementor-section elementor-top-section elementor-element elementor-element-fd57a73 elementor-section-full_width elementor-section-stretched elementor-section-height-min-height elementor-section-height-default elementor-section-items-middle\" data-id=\"fd57a73\" data-element_type=\"section\" data-e-type=\"section\" data-settings=\"{&quot;stretch_section&quot;:&quot;section-stretched&quot;,&quot;background_background&quot;:&quot;classic&quot;}\">\n\t\t\t\t\t\t<div class=\"elementor-container elementor-column-gap-default\">\n\t\t\t\t\t<div class=\"elementor-column elementor-col-100 elementor-top-column elementor-element elementor-element-bd2f837\" data-id=\"bd2f837\" data-element_type=\"column\" data-e-type=\"column\">\n\t\t\t<div class=\"elementor-widget-wrap elementor-element-populated\">\n\t\t\t\t\t\t<section class=\"elementor-section elementor-inner-section elementor-element elementor-element-1b0dc34 elementor-section-boxed elementor-section-height-default elementor-section-height-default\" data-id=\"1b0dc34\" data-element_type=\"section\" data-e-type=\"section\">\n\t\t\t\t\t\t<div class=\"elementor-container elementor-column-gap-default\">\n\t\t\t\t\t<div class=\"elementor-column elementor-col-33 elementor-inner-column elementor-element elementor-element-b2dc279\" data-id=\"b2dc279\" data-element_type=\"column\" data-e-type=\"column\">\n\t\t\t<div class=\"elementor-widget-wrap elementor-element-populated\">\n\t\t\t\t\t\t<div class=\"elementor-element elementor-element-81e4dfb elementor-widget elementor-widget-image\" data-id=\"81e4dfb\" data-element_type=\"widget\" data-e-type=\"widget\" data-widget_type=\"image.default\">\n\t\t\t\t<div class=\"elementor-widget-container\">\n\t\t\t\t\t\t\t\t\t\t\t\t\t\t\t<img decoding=\"async\" width=\"300\" height=\"87\" src=\"https:\/\/demir-gradnje.si\/wp-content\/uploads\/2020\/10\/obvescanje-partnerji1-300x87.jpg\" class=\"attachment-medium size-medium wp-image-2882\" alt=\"\" srcset=\"https:\/\/demir-gradnje.si\/wp-content\/uploads\/2020\/10\/obvescanje-partnerji1-300x87.jpg 300w, https:\/\/demir-gradnje.si\/wp-content\/uploads\/2020\/10\/obvescanje-partnerji1-1024x298.jpg 1024w, https:\/\/demir-gradnje.si\/wp-content\/uploads\/2020\/10\/obvescanje-partnerji1-768x224.jpg 768w, https:\/\/demir-gradnje.si\/wp-content\/uploads\/2020\/10\/obvescanje-partnerji1-1536x447.jpg 1536w, https:\/\/demir-gradnje.si\/wp-content\/uploads\/2020\/10\/obvescanje-partnerji1-260x76.jpg 260w, https:\/\/demir-gradnje.si\/wp-content\/uploads\/2020\/10\/obvescanje-partnerji1-50x15.jpg 50w, https:\/\/demir-gradnje.si\/wp-content\/uploads\/2020\/10\/obvescanje-partnerji1-150x44.jpg 150w, https:\/\/demir-gradnje.si\/wp-content\/uploads\/2020\/10\/obvescanje-partnerji1-1630x480.jpg 1630w, https:\/\/demir-gradnje.si\/wp-content\/uploads\/2020\/10\/obvescanje-partnerji1.jpg 1648w\" sizes=\"(max-width:767px) 300px, 300px\" \/>\t\t\t\t\t\t\t\t\t\t\t\t\t\t\t<\/div>\n\t\t\t\t<\/div>\n\t\t\t\t\t<\/div>\n\t\t<\/div>\n\t\t\t\t<div class=\"elementor-column elementor-col-33 elementor-inner-column elementor-element elementor-element-a3a6c81\" data-id=\"a3a6c81\" data-element_type=\"column\" data-e-type=\"column\">\n\t\t\t<div class=\"elementor-widget-wrap elementor-element-populated\">\n\t\t\t\t\t\t<div class=\"elementor-element elementor-element-018620d elementor-widget elementor-widget-image\" data-id=\"018620d\" data-element_type=\"widget\" data-e-type=\"widget\" data-widget_type=\"image.default\">\n\t\t\t\t<div class=\"elementor-widget-container\">\n\t\t\t\t\t\t\t\t\t\t\t\t\t\t\t<img decoding=\"async\" width=\"300\" height=\"96\" src=\"https:\/\/demir-gradnje.si\/wp-content\/uploads\/2020\/10\/obvescanje-partnerji2-300x96.jpg\" class=\"attachment-medium size-medium wp-image-2884\" alt=\"\" srcset=\"https:\/\/demir-gradnje.si\/wp-content\/uploads\/2020\/10\/obvescanje-partnerji2-300x96.jpg 300w, https:\/\/demir-gradnje.si\/wp-content\/uploads\/2020\/10\/obvescanje-partnerji2-1024x326.jpg 1024w, https:\/\/demir-gradnje.si\/wp-content\/uploads\/2020\/10\/obvescanje-partnerji2-768x245.jpg 768w, https:\/\/demir-gradnje.si\/wp-content\/uploads\/2020\/10\/obvescanje-partnerji2-1536x490.jpg 1536w, https:\/\/demir-gradnje.si\/wp-content\/uploads\/2020\/10\/obvescanje-partnerji2-260x83.jpg 260w, https:\/\/demir-gradnje.si\/wp-content\/uploads\/2020\/10\/obvescanje-partnerji2-50x16.jpg 50w, https:\/\/demir-gradnje.si\/wp-content\/uploads\/2020\/10\/obvescanje-partnerji2-150x48.jpg 150w, https:\/\/demir-gradnje.si\/wp-content\/uploads\/2020\/10\/obvescanje-partnerji2.jpg 1741w\" sizes=\"(max-width:767px) 300px, 300px\" \/>\t\t\t\t\t\t\t\t\t\t\t\t\t\t\t<\/div>\n\t\t\t\t<\/div>\n\t\t\t\t\t<\/div>\n\t\t<\/div>\n\t\t\t\t<div class=\"elementor-column elementor-col-33 elementor-inner-column elementor-element elementor-element-a9e9bae\" data-id=\"a9e9bae\" data-element_type=\"column\" data-e-type=\"column\">\n\t\t\t<div class=\"elementor-widget-wrap elementor-element-populated\">\n\t\t\t\t\t\t<div class=\"elementor-element elementor-element-b148c06 elementor-widget elementor-widget-image\" data-id=\"b148c06\" data-element_type=\"widget\" data-e-type=\"widget\" data-widget_type=\"image.default\">\n\t\t\t\t<div class=\"elementor-widget-container\">\n\t\t\t\t\t\t\t\t\t\t\t\t\t\t\t<img decoding=\"async\" width=\"300\" height=\"87\" src=\"https:\/\/demir-gradnje.si\/wp-content\/uploads\/2020\/10\/obvescanje-partnerji3-300x87.jpg\" class=\"attachment-medium size-medium wp-image-2886\" alt=\"\" srcset=\"https:\/\/demir-gradnje.si\/wp-content\/uploads\/2020\/10\/obvescanje-partnerji3-300x87.jpg 300w, https:\/\/demir-gradnje.si\/wp-content\/uploads\/2020\/10\/obvescanje-partnerji3-1024x298.jpg 1024w, https:\/\/demir-gradnje.si\/wp-content\/uploads\/2020\/10\/obvescanje-partnerji3-768x224.jpg 768w, https:\/\/demir-gradnje.si\/wp-content\/uploads\/2020\/10\/obvescanje-partnerji3-1536x447.jpg 1536w, https:\/\/demir-gradnje.si\/wp-content\/uploads\/2020\/10\/obvescanje-partnerji3-260x76.jpg 260w, https:\/\/demir-gradnje.si\/wp-content\/uploads\/2020\/10\/obvescanje-partnerji3-50x15.jpg 50w, https:\/\/demir-gradnje.si\/wp-content\/uploads\/2020\/10\/obvescanje-partnerji3-150x44.jpg 150w, https:\/\/demir-gradnje.si\/wp-content\/uploads\/2020\/10\/obvescanje-partnerji3-1630x480.jpg 1630w, https:\/\/demir-gradnje.si\/wp-content\/uploads\/2020\/10\/obvescanje-partnerji3.jpg 1648w\" sizes=\"(max-width:767px) 300px, 300px\" \/>\t\t\t\t\t\t\t\t\t\t\t\t\t\t\t<\/div>\n\t\t\t\t<\/div>\n\t\t\t\t\t<\/div>\n\t\t<\/div>\n\t\t\t\t\t<\/div>\n\t\t<\/section>\n\t\t\t\t\t<\/div>\n\t\t<\/div>\n\t\t\t\t\t<\/div>\n\t\t<\/section>\n\t\t\t\t<section class=\"elementor-section elementor-top-section elementor-element elementor-element-2bdc403 elementor-section-boxed elementor-section-height-default elementor-section-height-default\" data-id=\"2bdc403\" data-element_type=\"section\" data-e-type=\"section\">\n\t\t\t\t\t\t<div class=\"elementor-container elementor-column-gap-default\">\n\t\t\t\t\t<div class=\"elementor-column elementor-col-100 elementor-top-column elementor-element elementor-element-431be78\" data-id=\"431be78\" data-element_type=\"column\" data-e-type=\"column\">\n\t\t\t<div class=\"elementor-widget-wrap\">\n\t\t\t\t\t\t\t<\/div>\n\t\t<\/div>\n\t\t\t\t\t<\/div>\n\t\t<\/section>\n\t\t\t\t<\/div>\n\t\t","protected":false},"excerpt":{"rendered":"<p>Optimierung und Videoinhalt &#8211; Demir gradnje JPTT2020-COVID19 https:\/\/youtu.be\/cNMVU-m6Br8 Ziel des Vorhabens ist die Kofinanzierung der f\u00f6rderf\u00e4higen Kosten f\u00fcr die Digitalisierung von Vertriebskan\u00e4len auf ausl\u00e4ndischen M\u00e4rkten, um<span class=\"excerpt-hellip\"> [\u2026]<\/span><\/p>\n","protected":false},"author":5,"featured_media":0,"parent":0,"menu_order":0,"comment_status":"closed","ping_status":"closed","template":"elementor_header_footer","meta":{"footnotes":""},"class_list":["post-2877","page","type-page","status-publish","hentry"],"_links":{"self":[{"href":"https:\/\/demir-gradnje.si\/de\/wp-json\/wp\/v2\/pages\/2877","targetHints":{"allow":["GET"]}}],"collection":[{"href":"https:\/\/demir-gradnje.si\/de\/wp-json\/wp\/v2\/pages"}],"about":[{"href":"https:\/\/demir-gradnje.si\/de\/wp-json\/wp\/v2\/types\/page"}],"author":[{"embeddable":true,"href":"https:\/\/demir-gradnje.si\/de\/wp-json\/wp\/v2\/users\/5"}],"replies":[{"embeddable":true,"href":"https:\/\/demir-gradnje.si\/de\/wp-json\/wp\/v2\/comments?post=2877"}],"version-history":[{"count":12,"href":"https:\/\/demir-gradnje.si\/de\/wp-json\/wp\/v2\/pages\/2877\/revisions"}],"predecessor-version":[{"id":2951,"href":"https:\/\/demir-gradnje.si\/de\/wp-json\/wp\/v2\/pages\/2877\/revisions\/2951"}],"wp:attachment":[{"href":"https:\/\/demir-gradnje.si\/de\/wp-json\/wp\/v2\/media?parent=2877"}],"curies":[{"name":"wp","href":"https:\/\/api.w.org\/{rel}","templated":true}]}}