{"id":2847,"date":"2013-05-01T12:50:24","date_gmt":"2013-05-01T12:50:24","guid":{"rendered":"https:\/\/demir-gradnje.si\/o-podjetju\/varnost\/"},"modified":"2020-10-26T17:34:44","modified_gmt":"2020-10-26T17:34:44","slug":"varnost","status":"publish","type":"page","link":"https:\/\/demir-gradnje.si\/de\/o-podjetju\/varnost\/","title":{"rendered":"Sicherheit"},"content":{"rendered":"\t\t<div data-elementor-type=\"wp-page\" data-elementor-id=\"2847\" class=\"elementor elementor-2847 elementor-760\" data-elementor-post-type=\"page\">\n\t\t\t\t\t\t<section class=\"elementor-section elementor-top-section elementor-element elementor-element-2bca7db elementor-section-full_width elementor-section-stretched elementor-section-height-min-height elementor-section-height-default elementor-section-items-middle\" data-id=\"2bca7db\" data-element_type=\"section\" data-e-type=\"section\" data-settings=\"{&quot;stretch_section&quot;:&quot;section-stretched&quot;,&quot;background_background&quot;:&quot;classic&quot;}\">\n\t\t\t\t\t\t\t<div class=\"elementor-background-overlay\"><\/div>\n\t\t\t\t\t\t\t<div class=\"elementor-container elementor-column-gap-default\">\n\t\t\t\t\t<div class=\"elementor-column elementor-col-100 elementor-top-column elementor-element elementor-element-f8e27cc\" data-id=\"f8e27cc\" data-element_type=\"column\" data-e-type=\"column\">\n\t\t\t<div class=\"elementor-widget-wrap elementor-element-populated\">\n\t\t\t\t\t\t<section class=\"elementor-section elementor-inner-section elementor-element elementor-element-730c5d4 elementor-section-content-middle elementor-section-boxed elementor-section-height-default elementor-section-height-default\" data-id=\"730c5d4\" data-element_type=\"section\" data-e-type=\"section\">\n\t\t\t\t\t\t<div class=\"elementor-container elementor-column-gap-default\">\n\t\t\t\t\t<div class=\"elementor-column elementor-col-50 elementor-inner-column elementor-element elementor-element-da7714a\" data-id=\"da7714a\" data-element_type=\"column\" data-e-type=\"column\">\n\t\t\t<div class=\"elementor-widget-wrap elementor-element-populated\">\n\t\t\t\t\t\t<div class=\"elementor-element elementor-element-f5f9e0b elementor-widget elementor-widget-heading\" data-id=\"f5f9e0b\" data-element_type=\"widget\" data-e-type=\"widget\" data-widget_type=\"heading.default\">\n\t\t\t\t<div class=\"elementor-widget-container\">\n\t\t\t\t\t<h1 class=\"elementor-heading-title elementor-size-default\">Sicherheit<\/h1>\t\t\t\t<\/div>\n\t\t\t\t<\/div>\n\t\t\t\t<div class=\"elementor-element elementor-element-59deaae elementor-widget elementor-widget-text-editor\" data-id=\"59deaae\" data-element_type=\"widget\" data-e-type=\"widget\" data-widget_type=\"text-editor.default\">\n\t\t\t\t<div class=\"elementor-widget-container\">\n\t\t\t\t\t\t\t\t\t<p>F\u00fcr alles sorgen unsere hohen Sicherheitsstandards<\/p>\n<p>Bei der Sicherheit gehen wir keine Kompromisse ein, da dies nicht nur unsere Verpflichtung ist, sondern auch eine Schl\u00fcsselkomponente f\u00fcr erfolgreiche Arbeit und ein erfolgreiches Unternehmen ist.<\/p>\n\t\t\t\t\t\t\t\t<\/div>\n\t\t\t\t<\/div>\n\t\t\t\t\t<\/div>\n\t\t<\/div>\n\t\t\t\t<div class=\"elementor-column elementor-col-50 elementor-inner-column elementor-element elementor-element-4fa429c\" data-id=\"4fa429c\" data-element_type=\"column\" data-e-type=\"column\">\n\t\t\t<div class=\"elementor-widget-wrap elementor-element-populated\">\n\t\t\t\t\t\t<div class=\"elementor-element elementor-element-641070e elementor-view-default elementor-widget elementor-widget-icon\" data-id=\"641070e\" data-element_type=\"widget\" data-e-type=\"widget\" data-widget_type=\"icon.default\">\n\t\t\t\t<div class=\"elementor-widget-container\">\n\t\t\t\t\t\t\t<div class=\"elementor-icon-wrapper\">\n\t\t\t<div class=\"elementor-icon\">\n\t\t\t<i aria-hidden=\"true\" class=\"fas fa-play-circle\"><\/i>\t\t\t<\/div>\n\t\t<\/div>\n\t\t\t\t\t\t<\/div>\n\t\t\t\t<\/div>\n\t\t\t\t\t<\/div>\n\t\t<\/div>\n\t\t\t\t\t<\/div>\n\t\t<\/section>\n\t\t\t\t\t<\/div>\n\t\t<\/div>\n\t\t\t\t\t<\/div>\n\t\t<\/section>\n\t\t\t\t<section class=\"elementor-section elementor-top-section elementor-element elementor-element-37be58c elementor-section-full_width elementor-section-stretched elementor-section-height-default elementor-section-height-default\" data-id=\"37be58c\" data-element_type=\"section\" data-e-type=\"section\" data-settings=\"{&quot;stretch_section&quot;:&quot;section-stretched&quot;,&quot;background_background&quot;:&quot;classic&quot;}\">\n\t\t\t\t\t\t<div class=\"elementor-container elementor-column-gap-default\">\n\t\t\t\t\t<div class=\"elementor-column elementor-col-100 elementor-top-column elementor-element elementor-element-fb9156d\" data-id=\"fb9156d\" data-element_type=\"column\" data-e-type=\"column\">\n\t\t\t<div class=\"elementor-widget-wrap elementor-element-populated\">\n\t\t\t\t\t\t<section class=\"elementor-section elementor-inner-section elementor-element elementor-element-39cacfe elementor-section-content-middle elementor-section-boxed elementor-section-height-default elementor-section-height-default\" data-id=\"39cacfe\" data-element_type=\"section\" data-e-type=\"section\">\n\t\t\t\t\t\t<div class=\"elementor-container elementor-column-gap-default\">\n\t\t\t\t\t<div class=\"elementor-column elementor-col-100 elementor-inner-column elementor-element elementor-element-0b56a19\" data-id=\"0b56a19\" data-element_type=\"column\" data-e-type=\"column\">\n\t\t\t<div class=\"elementor-widget-wrap elementor-element-populated\">\n\t\t\t\t\t\t<div class=\"elementor-element elementor-element-3e05901 elementor-widget elementor-widget-text-editor\" data-id=\"3e05901\" data-element_type=\"widget\" data-e-type=\"widget\" data-widget_type=\"text-editor.default\">\n\t\t\t\t<div class=\"elementor-widget-container\">\n\t\t\t\t\t\t\t\t\t<p>Demir gradnje besch\u00e4ftigt sich haupts\u00e4chlich mit dem Bauen, was bedeutet, dass die meisten unserer Aktivit\u00e4ten physische Arbeit sind. Bei praktisch allen physischen Arbeiten, insbesondere im Bauwesen, gibt es bestimmte Risikofaktoren, auf die der Auftragnehmer besonders achten muss, wenn er die Sicherheit aller auf der Baustelle Anwesenden und nat\u00fcrlich ein qualitativ hochwertiges Endprodukt gew\u00e4hrleisten m\u00f6chte, das die Nutzer von gebauten R\u00e4umen wirklich begeistert.<\/p>\n\t\t\t\t\t\t\t\t<\/div>\n\t\t\t\t<\/div>\n\t\t\t\t\t<\/div>\n\t\t<\/div>\n\t\t\t\t\t<\/div>\n\t\t<\/section>\n\t\t\t\t\t<\/div>\n\t\t<\/div>\n\t\t\t\t\t<\/div>\n\t\t<\/section>\n\t\t\t\t<section class=\"elementor-section elementor-top-section elementor-element elementor-element-ee632d0 elementor-section-full_width elementor-section-stretched elementor-section-height-min-height elementor-section-height-default elementor-section-items-middle\" data-id=\"ee632d0\" data-element_type=\"section\" data-e-type=\"section\" data-settings=\"{&quot;stretch_section&quot;:&quot;section-stretched&quot;,&quot;background_background&quot;:&quot;classic&quot;}\">\n\t\t\t\t\t\t<div class=\"elementor-container elementor-column-gap-default\">\n\t\t\t\t\t<div class=\"elementor-column elementor-col-100 elementor-top-column elementor-element elementor-element-fcd7088\" data-id=\"fcd7088\" data-element_type=\"column\" data-e-type=\"column\">\n\t\t\t<div class=\"elementor-widget-wrap elementor-element-populated\">\n\t\t\t\t\t\t<section class=\"elementor-section elementor-inner-section elementor-element elementor-element-bb29c55 elementor-section-full_width elementor-section-height-min-height elementor-section-content-middle elementor-section-height-default\" data-id=\"bb29c55\" data-element_type=\"section\" data-e-type=\"section\">\n\t\t\t\t\t\t<div class=\"elementor-container elementor-column-gap-default\">\n\t\t\t\t\t<div class=\"elementor-column elementor-col-50 elementor-inner-column elementor-element elementor-element-17bf28a\" data-id=\"17bf28a\" data-element_type=\"column\" data-e-type=\"column\" data-settings=\"{&quot;background_background&quot;:&quot;classic&quot;}\">\n\t\t\t<div class=\"elementor-widget-wrap\">\n\t\t\t\t\t\t\t<\/div>\n\t\t<\/div>\n\t\t\t\t<div class=\"elementor-column elementor-col-50 elementor-inner-column elementor-element elementor-element-d22c5ef\" data-id=\"d22c5ef\" data-element_type=\"column\" data-e-type=\"column\">\n\t\t\t<div class=\"elementor-widget-wrap elementor-element-populated\">\n\t\t\t\t\t\t<div class=\"elementor-element elementor-element-964054a elementor-widget elementor-widget-text-editor\" data-id=\"964054a\" data-element_type=\"widget\" data-e-type=\"widget\" data-widget_type=\"text-editor.default\">\n\t\t\t\t<div class=\"elementor-widget-container\">\n\t\t\t\t\t\t\t\t\t<p>Bei der Sicherheit gehen wir keine Kompromisse ein, da dies nicht nur unsere Verpflichtung ist, sondern auch eine Schl\u00fcsselkomponente f\u00fcr erfolgreiche Arbeit und ein erfolgreiches Unternehmen ist. Die Sicherheit w\u00e4hrend des Baus ist nicht nur auf die Baustelle beschr\u00e4nkt, da wir w\u00e4hrend des gesamten Prozesses alle m\u00f6glichen Faktoren ber\u00fccksichtigen, die eine Gefahr darstellen k\u00f6nnen, entweder f\u00fcr Arbeiter und andere auf der Baustelle anwesende Personen oder f\u00fcr Benutzer des fertiggestellten Geb\u00e4udes. All dies wird durch unsere hohen Sicherheitsstandards gew\u00e4hrleistet, die nat\u00fcrlich auch alle obligatorischen und \u00fcblichen Verfahren umfassen &#8211; wir umz\u00e4unen und markieren zun\u00e4chst die Baustelle ordnungsgem\u00e4\u00df, stellen die Verwendung von Schutzhelmen und anderer Schutzausr\u00fcstung sicher und liefern alle erforderlichen Informationen \u00fcber die Baustelle selbst.<\/p>\n<p>Der Grundschritt ist somit vor Baubeginn abgeschlossen und erm\u00f6glicht einen reibungslosen und sicheren Arbeitsablauf. Weitere Sicherheit vor Ort wird durch eine angemessene Anordnung der Baustelle gew\u00e4hrleistet &#8211; sichere Wege werden eingerichtet, das Material wird ordnungsgem\u00e4\u00df gestapelt und gesichert, Arbeitsmaschinen werden \u00fcberwacht und die Arbeitnehmer achten auf m\u00f6gliche Sicherheitsrisiken. Nur mit dieser Aufmerksamkeit k\u00f6nnen wir den sicheren Arbeitsablauf und nat\u00fcrlich die Sicherheit aller auf der Baustelle Anwesenden gew\u00e4hrleisten.<\/p>\n\t\t\t\t\t\t\t\t<\/div>\n\t\t\t\t<\/div>\n\t\t\t\t\t<\/div>\n\t\t<\/div>\n\t\t\t\t\t<\/div>\n\t\t<\/section>\n\t\t\t\t\t<\/div>\n\t\t<\/div>\n\t\t\t\t\t<\/div>\n\t\t<\/section>\n\t\t\t\t<\/div>\n\t\t","protected":false},"excerpt":{"rendered":"<p>Sicherheit F\u00fcr alles sorgen unsere hohen Sicherheitsstandards Bei der Sicherheit gehen wir keine Kompromisse ein, da dies nicht nur unsere Verpflichtung ist, sondern auch eine Schl\u00fcsselkomponente<span class=\"excerpt-hellip\"> [\u2026]<\/span><\/p>\n","protected":false},"author":2,"featured_media":0,"parent":2838,"menu_order":0,"comment_status":"closed","ping_status":"closed","template":"elementor_header_footer","meta":{"footnotes":""},"class_list":["post-2847","page","type-page","status-publish","hentry"],"_links":{"self":[{"href":"https:\/\/demir-gradnje.si\/de\/wp-json\/wp\/v2\/pages\/2847","targetHints":{"allow":["GET"]}}],"collection":[{"href":"https:\/\/demir-gradnje.si\/de\/wp-json\/wp\/v2\/pages"}],"about":[{"href":"https:\/\/demir-gradnje.si\/de\/wp-json\/wp\/v2\/types\/page"}],"author":[{"embeddable":true,"href":"https:\/\/demir-gradnje.si\/de\/wp-json\/wp\/v2\/users\/2"}],"replies":[{"embeddable":true,"href":"https:\/\/demir-gradnje.si\/de\/wp-json\/wp\/v2\/comments?post=2847"}],"version-history":[{"count":2,"href":"https:\/\/demir-gradnje.si\/de\/wp-json\/wp\/v2\/pages\/2847\/revisions"}],"predecessor-version":[{"id":2849,"href":"https:\/\/demir-gradnje.si\/de\/wp-json\/wp\/v2\/pages\/2847\/revisions\/2849"}],"up":[{"embeddable":true,"href":"https:\/\/demir-gradnje.si\/de\/wp-json\/wp\/v2\/pages\/2838"}],"wp:attachment":[{"href":"https:\/\/demir-gradnje.si\/de\/wp-json\/wp\/v2\/media?parent=2847"}],"curies":[{"name":"wp","href":"https:\/\/api.w.org\/{rel}","templated":true}]}}